{"id":779,"date":"2025-09-21T18:00:54","date_gmt":"2025-09-21T16:00:54","guid":{"rendered":"https:\/\/www.maellehumbert.fr\/demo\/?page_id=779"},"modified":"2025-11-20T13:32:32","modified_gmt":"2025-11-20T12:32:32","slug":"a-propos","status":"publish","type":"page","link":"https:\/\/www.maellehumbert.fr\/demo\/?page_id=779","title":{"rendered":"\u00c0 propos"},"content":{"rendered":"\t\t<div data-elementor-type=\"wp-page\" data-elementor-id=\"779\" class=\"elementor elementor-779\">\n\t\t\t\t<div class=\"elementor-element elementor-element-61dcaf9 e-flex e-con-boxed e-con e-parent\" data-id=\"61dcaf9\" data-element_type=\"container\" data-core-v316-plus=\"true\">\n\t\t\t\t\t<div class=\"e-con-inner\">\n\t\t\t\t<div class=\"elementor-element elementor-element-5b2cedd elementor-widget elementor-widget-spacer\" data-id=\"5b2cedd\" data-element_type=\"widget\" data-widget_type=\"spacer.default\">\n\t\t\t\t<div class=\"elementor-widget-container\">\n\t\t\t<style>\/*! elementor - v3.20.0 - 11-03-2024 *\/\n.elementor-column .elementor-spacer-inner{height:var(--spacer-size)}.e-con{--container-widget-width:100%}.e-con-inner>.elementor-widget-spacer,.e-con>.elementor-widget-spacer{width:var(--container-widget-width,var(--spacer-size));--align-self:var(--container-widget-align-self,initial);--flex-shrink:0}.e-con-inner>.elementor-widget-spacer>.elementor-widget-container,.e-con>.elementor-widget-spacer>.elementor-widget-container{height:100%;width:100%}.e-con-inner>.elementor-widget-spacer>.elementor-widget-container>.elementor-spacer,.e-con>.elementor-widget-spacer>.elementor-widget-container>.elementor-spacer{height:100%}.e-con-inner>.elementor-widget-spacer>.elementor-widget-container>.elementor-spacer>.elementor-spacer-inner,.e-con>.elementor-widget-spacer>.elementor-widget-container>.elementor-spacer>.elementor-spacer-inner{height:var(--container-widget-height,var(--spacer-size))}.e-con-inner>.elementor-widget-spacer.elementor-widget-empty,.e-con>.elementor-widget-spacer.elementor-widget-empty{position:relative;min-height:22px;min-width:22px}.e-con-inner>.elementor-widget-spacer.elementor-widget-empty .elementor-widget-empty-icon,.e-con>.elementor-widget-spacer.elementor-widget-empty .elementor-widget-empty-icon{position:absolute;top:0;bottom:0;left:0;right:0;margin:auto;padding:0;width:22px;height:22px}<\/style>\t\t<div class=\"elementor-spacer\">\n\t\t\t<div class=\"elementor-spacer-inner\"><\/div>\n\t\t<\/div>\n\t\t\t\t<\/div>\n\t\t\t\t<\/div>\n\t\t\t\t\t<\/div>\n\t\t\t\t<\/div>\n\t\t<div class=\"elementor-element elementor-element-9fc9d2d e-flex e-con-boxed e-con e-parent\" data-id=\"9fc9d2d\" data-element_type=\"container\" data-core-v316-plus=\"true\">\n\t\t\t\t\t<div class=\"e-con-inner\">\n\t\t\t\t<div class=\"elementor-element elementor-element-9e19aad elementor-widget elementor-widget-heading\" data-id=\"9e19aad\" data-element_type=\"widget\" data-widget_type=\"heading.default\">\n\t\t\t\t<div class=\"elementor-widget-container\">\n\t\t\t<style>\/*! elementor - v3.20.0 - 11-03-2024 *\/\n.elementor-heading-title{padding:0;margin:0;line-height:1}.elementor-widget-heading .elementor-heading-title[class*=elementor-size-]>a{color:inherit;font-size:inherit;line-height:inherit}.elementor-widget-heading .elementor-heading-title.elementor-size-small{font-size:15px}.elementor-widget-heading .elementor-heading-title.elementor-size-medium{font-size:19px}.elementor-widget-heading .elementor-heading-title.elementor-size-large{font-size:29px}.elementor-widget-heading .elementor-heading-title.elementor-size-xl{font-size:39px}.elementor-widget-heading .elementor-heading-title.elementor-size-xxl{font-size:59px}<\/style><h2 class=\"elementor-heading-title elementor-size-default\">\u00c0 propos <\/h2>\t\t<\/div>\n\t\t\t\t<\/div>\n\t\t\t\t\t<\/div>\n\t\t\t\t<\/div>\n\t\t<div class=\"elementor-element elementor-element-5231f4e e-flex e-con-boxed e-con e-parent\" data-id=\"5231f4e\" data-element_type=\"container\" data-core-v316-plus=\"true\">\n\t\t\t\t\t<div class=\"e-con-inner\">\n\t\t\t\t<div class=\"elementor-element elementor-element-74d78e3 elementor-widget elementor-widget-spacer\" data-id=\"74d78e3\" data-element_type=\"widget\" data-widget_type=\"spacer.default\">\n\t\t\t\t<div class=\"elementor-widget-container\">\n\t\t\t\t\t<div class=\"elementor-spacer\">\n\t\t\t<div class=\"elementor-spacer-inner\"><\/div>\n\t\t<\/div>\n\t\t\t\t<\/div>\n\t\t\t\t<\/div>\n\t\t\t\t\t<\/div>\n\t\t\t\t<\/div>\n\t\t<div class=\"elementor-element elementor-element-55e3fa3 e-flex e-con-boxed e-con e-parent\" data-id=\"55e3fa3\" data-element_type=\"container\" data-core-v316-plus=\"true\">\n\t\t\t\t\t<div class=\"e-con-inner\">\n\t\t<div class=\"elementor-element elementor-element-622b326 e-con-full e-flex e-con e-child\" data-id=\"622b326\" data-element_type=\"container\">\n\t\t\t\t<div class=\"elementor-element elementor-element-fcec5c1 elementor-widget elementor-widget-toggle\" data-id=\"fcec5c1\" data-element_type=\"widget\" data-widget_type=\"toggle.default\">\n\t\t\t\t<div class=\"elementor-widget-container\">\n\t\t\t<style>\/*! elementor - v3.20.0 - 11-03-2024 *\/\n.elementor-toggle{text-align:left}.elementor-toggle .elementor-tab-title{font-weight:700;line-height:1;margin:0;padding:15px;border-bottom:1px solid #d5d8dc;cursor:pointer;outline:none}.elementor-toggle .elementor-tab-title .elementor-toggle-icon{display:inline-block;width:1em}.elementor-toggle .elementor-tab-title .elementor-toggle-icon svg{margin-inline-start:-5px;width:1em;height:1em}.elementor-toggle .elementor-tab-title .elementor-toggle-icon.elementor-toggle-icon-right{float:right;text-align:right}.elementor-toggle .elementor-tab-title .elementor-toggle-icon.elementor-toggle-icon-left{float:left;text-align:left}.elementor-toggle .elementor-tab-title .elementor-toggle-icon .elementor-toggle-icon-closed{display:block}.elementor-toggle .elementor-tab-title .elementor-toggle-icon .elementor-toggle-icon-opened{display:none}.elementor-toggle .elementor-tab-title.elementor-active{border-bottom:none}.elementor-toggle .elementor-tab-title.elementor-active .elementor-toggle-icon-closed{display:none}.elementor-toggle .elementor-tab-title.elementor-active .elementor-toggle-icon-opened{display:block}.elementor-toggle .elementor-tab-content{padding:15px;border-bottom:1px solid #d5d8dc;display:none}@media (max-width:767px){.elementor-toggle .elementor-tab-title{padding:12px}.elementor-toggle .elementor-tab-content{padding:12px 10px}}.e-con-inner>.elementor-widget-toggle,.e-con>.elementor-widget-toggle{width:var(--container-widget-width);--flex-grow:var(--container-widget-flex-grow)}<\/style>\t\t<div class=\"elementor-toggle\">\n\t\t\t\t\t\t\t<div class=\"elementor-toggle-item\">\n\t\t\t\t\t<div id=\"elementor-tab-title-2651\" class=\"elementor-tab-title\" data-tab=\"1\" role=\"button\" aria-controls=\"elementor-tab-content-2651\" aria-expanded=\"false\">\n\t\t\t\t\t\t\t\t\t\t\t\t<span class=\"elementor-toggle-icon elementor-toggle-icon-right\" aria-hidden=\"true\">\n\t\t\t\t\t\t\t\t\t\t\t\t\t\t\t<span class=\"elementor-toggle-icon-closed\"><svg class=\"e-font-icon-svg e-fas-caret-right\" viewBox=\"0 0 192 512\" xmlns=\"http:\/\/www.w3.org\/2000\/svg\"><path d=\"M0 384.662V127.338c0-17.818 21.543-26.741 34.142-14.142l128.662 128.662c7.81 7.81 7.81 20.474 0 28.284L34.142 398.804C21.543 411.404 0 402.48 0 384.662z\"><\/path><\/svg><\/span>\n\t\t\t\t\t\t\t\t<span class=\"elementor-toggle-icon-opened\"><svg class=\"elementor-toggle-icon-opened e-font-icon-svg e-fas-caret-up\" viewBox=\"0 0 320 512\" xmlns=\"http:\/\/www.w3.org\/2000\/svg\"><path d=\"M288.662 352H31.338c-17.818 0-26.741-21.543-14.142-34.142l128.662-128.662c7.81-7.81 20.474-7.81 28.284 0l128.662 128.662c12.6 12.599 3.676 34.142-14.142 34.142z\"><\/path><\/svg><\/span>\n\t\t\t\t\t\t\t\t\t\t\t\t\t<\/span>\n\t\t\t\t\t\t\t\t\t\t\t\t<a class=\"elementor-toggle-title\" tabindex=\"0\">Quoi ?<\/a>\n\t\t\t\t\t<\/div>\n\n\t\t\t\t\t<div id=\"elementor-tab-content-2651\" class=\"elementor-tab-content elementor-clearfix\" data-tab=\"1\" role=\"region\" aria-labelledby=\"elementor-tab-title-2651\"><p style=\"font-weight: 400;\">Ce site est une ressource p\u00e9dagogique consacr\u00e9e au th\u00e8me des addictions.<\/p><p style=\"font-weight: 400;\">J&rsquo;ai choisi ce sujet car il touche \u00e0 la fois la sant\u00e9, la psychologie et la soci\u00e9t\u00e9, et permet d\u2019aborder la question sous diff\u00e9rents angles. Le site se structure en plusieurs sections compl\u00e9mentaires :<\/p><ul><li>une pr\u00e9sentation g\u00e9n\u00e9rale qui d\u00e9finit ce que sont les addictions et explique leur impact<\/li><li>des pages sp\u00e9cifiques sur les principales formes d\u2019addictions (substances, jeux, r\u00e9seaux sociaux, nouvelles technologies, etc.)<\/li><li>une s\u00e9lection de ressources documentaires et scientifiques pour aller plus loin, incluant articles, vid\u00e9os et \u00e9tudes de cas.<\/li><\/ul><ul><li>L\u2019objectif est de rendre le contenu clair, accessible et utile \u00e0 toute personne d\u00e9sireuse de mieux comprendre ce ph\u00e9nom\u00e8ne.<\/li><\/ul><ul><li>L\u2019objectif est de rendre le contenu clair, accessible et utile \u00e0 toute personne d\u00e9sireuse de mieux comprendre ce ph\u00e9nom\u00e8ne.<\/li><\/ul><\/div>\n\t\t\t\t<\/div>\n\t\t\t\t\t\t\t\t<\/div>\n\t\t\t\t<\/div>\n\t\t\t\t<\/div>\n\t\t\t\t<\/div>\n\t\t<div class=\"elementor-element elementor-element-e9c6e77 e-con-full e-flex e-con e-child\" data-id=\"e9c6e77\" data-element_type=\"container\">\n\t\t\t\t<div class=\"elementor-element elementor-element-a14f3c2 elementor-widget elementor-widget-toggle\" data-id=\"a14f3c2\" data-element_type=\"widget\" data-widget_type=\"toggle.default\">\n\t\t\t\t<div class=\"elementor-widget-container\">\n\t\t\t\t\t<div class=\"elementor-toggle\">\n\t\t\t\t\t\t\t<div class=\"elementor-toggle-item\">\n\t\t\t\t\t<div id=\"elementor-tab-title-1691\" class=\"elementor-tab-title\" data-tab=\"1\" role=\"button\" aria-controls=\"elementor-tab-content-1691\" aria-expanded=\"false\">\n\t\t\t\t\t\t\t\t\t\t\t\t<span class=\"elementor-toggle-icon elementor-toggle-icon-right\" aria-hidden=\"true\">\n\t\t\t\t\t\t\t\t\t\t\t\t\t\t\t<span class=\"elementor-toggle-icon-closed\"><svg class=\"e-font-icon-svg e-fas-caret-right\" viewBox=\"0 0 192 512\" xmlns=\"http:\/\/www.w3.org\/2000\/svg\"><path d=\"M0 384.662V127.338c0-17.818 21.543-26.741 34.142-14.142l128.662 128.662c7.81 7.81 7.81 20.474 0 28.284L34.142 398.804C21.543 411.404 0 402.48 0 384.662z\"><\/path><\/svg><\/span>\n\t\t\t\t\t\t\t\t<span class=\"elementor-toggle-icon-opened\"><svg class=\"elementor-toggle-icon-opened e-font-icon-svg e-fas-caret-up\" viewBox=\"0 0 320 512\" xmlns=\"http:\/\/www.w3.org\/2000\/svg\"><path d=\"M288.662 352H31.338c-17.818 0-26.741-21.543-14.142-34.142l128.662-128.662c7.81-7.81 20.474-7.81 28.284 0l128.662 128.662c12.6 12.599 3.676 34.142-14.142 34.142z\"><\/path><\/svg><\/span>\n\t\t\t\t\t\t\t\t\t\t\t\t\t<\/span>\n\t\t\t\t\t\t\t\t\t\t\t\t<a class=\"elementor-toggle-title\" tabindex=\"0\">Qui ? <\/a>\n\t\t\t\t\t<\/div>\n\n\t\t\t\t\t<div id=\"elementor-tab-content-1691\" class=\"elementor-tab-content elementor-clearfix\" data-tab=\"1\" role=\"region\" aria-labelledby=\"elementor-tab-title-1691\"><div><p>Ce projet est r\u00e9alis\u00e9 par moi, Ma\u00eblle Humbert, \u00e9tudiante en 3e ann\u00e9e de BUT Information-Communication, en \u00e9change Erasmus \u00e0 Murcia dans le parcours \u00ab\u00a0communication et m\u00e9dias\u00a0\u00bb.<\/p><p>J\u2019ai souhait\u00e9 explorer ce sujet car il fait partie des probl\u00e9matiques actuelles qui touchent particuli\u00e8rement les jeunes g\u00e9n\u00e9rations et suscite de nombreux d\u00e9bats dans les m\u00e9dias et dans la recherche.<b><\/b><\/p><\/div><\/div>\n\t\t\t\t<\/div>\n\t\t\t\t\t\t\t\t<\/div>\n\t\t\t\t<\/div>\n\t\t\t\t<\/div>\n\t\t\t\t<\/div>\n\t\t<div class=\"elementor-element elementor-element-ae85541 e-con-full e-flex e-con e-child\" data-id=\"ae85541\" data-element_type=\"container\">\n\t\t\t\t<div class=\"elementor-element elementor-element-fe0c878 elementor-widget elementor-widget-toggle\" data-id=\"fe0c878\" data-element_type=\"widget\" data-widget_type=\"toggle.default\">\n\t\t\t\t<div class=\"elementor-widget-container\">\n\t\t\t\t\t<div class=\"elementor-toggle\">\n\t\t\t\t\t\t\t<div class=\"elementor-toggle-item\">\n\t\t\t\t\t<div id=\"elementor-tab-title-2661\" class=\"elementor-tab-title\" data-tab=\"1\" role=\"button\" aria-controls=\"elementor-tab-content-2661\" aria-expanded=\"false\">\n\t\t\t\t\t\t\t\t\t\t\t\t<span class=\"elementor-toggle-icon elementor-toggle-icon-right\" aria-hidden=\"true\">\n\t\t\t\t\t\t\t\t\t\t\t\t\t\t\t<span class=\"elementor-toggle-icon-closed\"><svg class=\"e-font-icon-svg e-fas-caret-right\" viewBox=\"0 0 192 512\" xmlns=\"http:\/\/www.w3.org\/2000\/svg\"><path d=\"M0 384.662V127.338c0-17.818 21.543-26.741 34.142-14.142l128.662 128.662c7.81 7.81 7.81 20.474 0 28.284L34.142 398.804C21.543 411.404 0 402.48 0 384.662z\"><\/path><\/svg><\/span>\n\t\t\t\t\t\t\t\t<span class=\"elementor-toggle-icon-opened\"><svg class=\"elementor-toggle-icon-opened e-font-icon-svg e-fas-caret-up\" viewBox=\"0 0 320 512\" xmlns=\"http:\/\/www.w3.org\/2000\/svg\"><path d=\"M288.662 352H31.338c-17.818 0-26.741-21.543-14.142-34.142l128.662-128.662c7.81-7.81 20.474-7.81 28.284 0l128.662 128.662c12.6 12.599 3.676 34.142-14.142 34.142z\"><\/path><\/svg><\/span>\n\t\t\t\t\t\t\t\t\t\t\t\t\t<\/span>\n\t\t\t\t\t\t\t\t\t\t\t\t<a class=\"elementor-toggle-title\" tabindex=\"0\">O\u00f9 et comment ?<\/a>\n\t\t\t\t\t<\/div>\n\n\t\t\t\t\t<div id=\"elementor-tab-content-2661\" class=\"elementor-tab-content elementor-clearfix\" data-tab=\"1\" role=\"region\" aria-labelledby=\"elementor-tab-title-2661\"><div><p>Le site a \u00e9t\u00e9 con\u00e7u ici, \u00e0 l\u2019Universit\u00e9 de Murcie, dans le cadre du parcours bilingue anglais\/espagnol, \u00e0 l\u2019aide du gestionnaire de contenus<span class=\"apple-converted-space\">\u00a0<\/span><em data-start=\"1456\" data-end=\"1467\">WordPress<\/em>.<\/p><p>Cet outil, largement utilis\u00e9 \u00e0 l\u2019\u00e9chelle mondiale, a \u00e9t\u00e9 choisi car il permet non seulement une mise en ligne simple et efficace, mais aussi une organisation des contenus par cat\u00e9gories et \u00e9tiquettes.<\/p><p>Cette structuration favorise la clart\u00e9, la hi\u00e9rarchisation et l\u2019interactivit\u00e9, des comp\u00e9tences essentielles \u00e0 acqu\u00e9rir pour un \u00e9tudiant en communication et en recherche d\u2019information.<\/p><\/div><\/div>\n\t\t\t\t<\/div>\n\t\t\t\t\t\t\t\t<\/div>\n\t\t\t\t<\/div>\n\t\t\t\t<\/div>\n\t\t\t\t<\/div>\n\t\t<div class=\"elementor-element elementor-element-6d9f308 e-con-full e-flex e-con e-child\" data-id=\"6d9f308\" data-element_type=\"container\">\n\t\t\t\t<div class=\"elementor-element elementor-element-8826df0 elementor-widget elementor-widget-toggle\" data-id=\"8826df0\" data-element_type=\"widget\" data-widget_type=\"toggle.default\">\n\t\t\t\t<div class=\"elementor-widget-container\">\n\t\t\t\t\t<div class=\"elementor-toggle\">\n\t\t\t\t\t\t\t<div class=\"elementor-toggle-item\">\n\t\t\t\t\t<div id=\"elementor-tab-title-1421\" class=\"elementor-tab-title\" data-tab=\"1\" role=\"button\" aria-controls=\"elementor-tab-content-1421\" aria-expanded=\"false\">\n\t\t\t\t\t\t\t\t\t\t\t\t<span class=\"elementor-toggle-icon elementor-toggle-icon-right\" aria-hidden=\"true\">\n\t\t\t\t\t\t\t\t\t\t\t\t\t\t\t<span class=\"elementor-toggle-icon-closed\"><svg class=\"e-font-icon-svg e-fas-caret-right\" viewBox=\"0 0 192 512\" xmlns=\"http:\/\/www.w3.org\/2000\/svg\"><path d=\"M0 384.662V127.338c0-17.818 21.543-26.741 34.142-14.142l128.662 128.662c7.81 7.81 7.81 20.474 0 28.284L34.142 398.804C21.543 411.404 0 402.48 0 384.662z\"><\/path><\/svg><\/span>\n\t\t\t\t\t\t\t\t<span class=\"elementor-toggle-icon-opened\"><svg class=\"elementor-toggle-icon-opened e-font-icon-svg e-fas-caret-up\" viewBox=\"0 0 320 512\" xmlns=\"http:\/\/www.w3.org\/2000\/svg\"><path d=\"M288.662 352H31.338c-17.818 0-26.741-21.543-14.142-34.142l128.662-128.662c7.81-7.81 20.474-7.81 28.284 0l128.662 128.662c12.6 12.599 3.676 34.142-14.142 34.142z\"><\/path><\/svg><\/span>\n\t\t\t\t\t\t\t\t\t\t\t\t\t<\/span>\n\t\t\t\t\t\t\t\t\t\t\t\t<a class=\"elementor-toggle-title\" tabindex=\"0\">Pourquoi et pour qui ?<\/a>\n\t\t\t\t\t<\/div>\n\n\t\t\t\t\t<div id=\"elementor-tab-content-1421\" class=\"elementor-tab-content elementor-clearfix\" data-tab=\"1\" role=\"region\" aria-labelledby=\"elementor-tab-title-1421\"><p>Ce projet p\u00e9dagogique a vu le jour dans le cadre de la mati\u00e8re B\u00fasqueda y uso de la informaci\u00f3n.<\/p><p>Il r\u00e9pond \u00e0 la volont\u00e9 d\u2019apprendre \u00e0 rechercher, s\u00e9lectionner, analyser et diffuser l\u2019information de mani\u00e8re pertinente et organis\u00e9e. En choisissant les addictions comme th\u00e8me central, je travaille \u00e9galement sur la sensibilisation et la r\u00e9flexion critique autour d\u2019un sujet qui nous concerne directement, en tant qu\u2019\u00e9tudiants et futurs professionnels de la communication.<\/p><div><p>Le site s\u2019adresse en premier lieu ma professeures et mes camarades, comme outil compl\u00e9mentaire aux cours magistraux et aux travaux dirig\u00e9s.<\/p><p>Il vise aussi un public plus large : \u00e9tudiants en communication, enseignants, ou toute personne int\u00e9ress\u00e9e par la compr\u00e9hension des ph\u00e9nom\u00e8nes addictifs et par l\u2019acc\u00e8s \u00e0 des ressources fiables sur le sujet.<\/p><\/div><p>\u00a0<\/p><\/div>\n\t\t\t\t<\/div>\n\t\t\t\t\t\t\t\t<\/div>\n\t\t\t\t<\/div>\n\t\t\t\t<\/div>\n\t\t\t\t<\/div>\n\t\t\t\t\t<\/div>\n\t\t\t\t<\/div>\n\t\t<div class=\"elementor-element elementor-element-f36de8b e-flex e-con-boxed e-con e-parent\" data-id=\"f36de8b\" data-element_type=\"container\" data-core-v316-plus=\"true\">\n\t\t\t\t\t<div class=\"e-con-inner\">\n\t\t\t\t<div class=\"elementor-element elementor-element-4ca39cc elementor-widget elementor-widget-spacer\" data-id=\"4ca39cc\" data-element_type=\"widget\" data-widget_type=\"spacer.default\">\n\t\t\t\t<div class=\"elementor-widget-container\">\n\t\t\t\t\t<div class=\"elementor-spacer\">\n\t\t\t<div class=\"elementor-spacer-inner\"><\/div>\n\t\t<\/div>\n\t\t\t\t<\/div>\n\t\t\t\t<\/div>\n\t\t\t\t<div class=\"elementor-element elementor-element-960bd74 elementor-widget elementor-widget-video\" data-id=\"960bd74\" data-element_type=\"widget\" data-settings=\"{&quot;youtube_url&quot;:&quot;https:\\\/\\\/youtu.be\\\/Zrp8_JtLCiE&quot;,&quot;video_type&quot;:&quot;youtube&quot;,&quot;controls&quot;:&quot;yes&quot;}\" data-widget_type=\"video.default\">\n\t\t\t\t<div class=\"elementor-widget-container\">\n\t\t\t<style>\/*! elementor - v3.20.0 - 11-03-2024 *\/\n.elementor-widget-video .elementor-widget-container{overflow:hidden;transform:translateZ(0)}.elementor-widget-video .elementor-wrapper{aspect-ratio:var(--video-aspect-ratio)}.elementor-widget-video .elementor-wrapper iframe,.elementor-widget-video .elementor-wrapper video{height:100%;width:100%;display:flex;border:none;background-color:#000}@supports not (aspect-ratio:1\/1){.elementor-widget-video .elementor-wrapper{position:relative;overflow:hidden;height:0;padding-bottom:calc(100% \/ var(--video-aspect-ratio))}.elementor-widget-video .elementor-wrapper iframe,.elementor-widget-video .elementor-wrapper video{position:absolute;top:0;right:0;bottom:0;left:0}}.elementor-widget-video .elementor-open-inline .elementor-custom-embed-image-overlay{position:absolute;top:0;right:0;bottom:0;left:0;background-size:cover;background-position:50%}.elementor-widget-video .elementor-custom-embed-image-overlay{cursor:pointer;text-align:center}.elementor-widget-video .elementor-custom-embed-image-overlay:hover .elementor-custom-embed-play i{opacity:1}.elementor-widget-video .elementor-custom-embed-image-overlay img{display:block;width:100%;aspect-ratio:var(--video-aspect-ratio);-o-object-fit:cover;object-fit:cover;-o-object-position:center center;object-position:center center}@supports not (aspect-ratio:1\/1){.elementor-widget-video .elementor-custom-embed-image-overlay{position:relative;overflow:hidden;height:0;padding-bottom:calc(100% \/ var(--video-aspect-ratio))}.elementor-widget-video .elementor-custom-embed-image-overlay img{position:absolute;top:0;right:0;bottom:0;left:0}}.elementor-widget-video .e-hosted-video .elementor-video{-o-object-fit:cover;object-fit:cover}.e-con-inner>.elementor-widget-video,.e-con>.elementor-widget-video{width:var(--container-widget-width);--flex-grow:var(--container-widget-flex-grow)}<\/style>\t\t<div class=\"elementor-wrapper elementor-open-inline\">\n\t\t\t<div class=\"elementor-video\"><\/div>\t\t<\/div>\n\t\t\t\t<\/div>\n\t\t\t\t<\/div>\n\t\t\t\t\t<\/div>\n\t\t\t\t<\/div>\n\t\t<div class=\"elementor-element elementor-element-66e6ffb e-flex e-con-boxed e-con e-parent\" data-id=\"66e6ffb\" data-element_type=\"container\" data-core-v316-plus=\"true\">\n\t\t\t\t\t<div class=\"e-con-inner\">\n\t\t\t\t<div class=\"elementor-element elementor-element-09fa2d2 elementor-widget elementor-widget-spacer\" data-id=\"09fa2d2\" data-element_type=\"widget\" data-widget_type=\"spacer.default\">\n\t\t\t\t<div class=\"elementor-widget-container\">\n\t\t\t\t\t<div class=\"elementor-spacer\">\n\t\t\t<div class=\"elementor-spacer-inner\"><\/div>\n\t\t<\/div>\n\t\t\t\t<\/div>\n\t\t\t\t<\/div>\n\t\t\t\t<div class=\"elementor-element elementor-element-105bc1c elementor-widget elementor-widget-text-editor\" data-id=\"105bc1c\" data-element_type=\"widget\" data-widget_type=\"text-editor.default\">\n\t\t\t\t<div class=\"elementor-widget-container\">\n\t\t\t<style>\/*! elementor - v3.20.0 - 11-03-2024 *\/\n.elementor-widget-text-editor.elementor-drop-cap-view-stacked .elementor-drop-cap{background-color:#69727d;color:#fff}.elementor-widget-text-editor.elementor-drop-cap-view-framed .elementor-drop-cap{color:#69727d;border:3px solid;background-color:transparent}.elementor-widget-text-editor:not(.elementor-drop-cap-view-default) .elementor-drop-cap{margin-top:8px}.elementor-widget-text-editor:not(.elementor-drop-cap-view-default) .elementor-drop-cap-letter{width:1em;height:1em}.elementor-widget-text-editor .elementor-drop-cap{float:left;text-align:center;line-height:1;font-size:50px}.elementor-widget-text-editor .elementor-drop-cap-letter{display:inline-block}<\/style>\t\t\t\t<p>Traduction :\u00a0<\/p>\t\t\t\t\t\t<\/div>\n\t\t\t\t<\/div>\n\t\t\t\t<div class=\"elementor-element elementor-element-834afae elementor-widget elementor-widget-text-editor\" data-id=\"834afae\" data-element_type=\"widget\" data-widget_type=\"text-editor.default\">\n\t\t\t\t<div class=\"elementor-widget-container\">\n\t\t\t\t\t\t\t<p>Hola ! Soy Ma\u00eblle Humbert, estudiante de 3\u00ba de BUT Info-Com, actualmente de Erasmus en Murcia. <br \/>Hoy les presento mi blog dedicado al tema de las adicciones.<\/p><p>Este sitio es un recurso educativo que explora las adicciones desde diferentes \u00e1ngulos: la salud, la psicolog\u00eda y la sociedad.<\/p><p>All\u00ed encontrar\u00e1s:<br \/>\u2022 Una presentaci\u00f3n general para entender qu\u00e9 es una adicci\u00f3n y su impacto,<br \/>\u2022 P\u00e1ginas dedicadas a las principales formas de adicci\u00f3n: sustancias, juegos, redes sociales, nuevas tecnolog\u00edas, etc.<br \/>\u2022 Y una selecci\u00f3n de recursos documentales: art\u00edculos, v\u00eddeos, estudios de casos.<\/p><div>\u00a0<\/div><p>El objetivo es hacer que este tema sea claro, accesible y \u00fatil para cualquiera que quiera comprender mejor el fen\u00f3meno. <br \/>Este proyecto lo realic\u00e9 como parte de mi carrera, en la carrera de comunicaci\u00f3n y medios.<\/p><p>Eleg\u00ed este tema porque afecta especialmente a las generaciones m\u00e1s j\u00f3venes y porque suscita mucho debate en los medios de comunicaci\u00f3n y en la investigaci\u00f3n.<br \/>Tambi\u00e9n fue una oportunidad para m\u00ed de explorar un tema actual y desarrollar mis habilidades de escritura y an\u00e1lisis.<\/p><p>El sitio fue dise\u00f1ado en la Universidad de Murcia, utilizando WordPress.<br \/>Eleg\u00ed esta herramienta porque permite realizar publicaciones sencillas, pero sobre todo una organizaci\u00f3n eficaz con categor\u00edas y etiquetas.<br \/>Esta estructura me ayud\u00f3 a crear contenido claro y jer\u00e1rquico, lo cual es esencial en la comunicaci\u00f3n.<\/p><p>Este proyecto forma parte del tema Busqueda y uso de la informaci\u00f3n.<br \/>La idea era aprender a buscar, seleccionar, analizar y difundir informaci\u00f3n de manera relevante.<\/p><p>El sitio est\u00e1 dirigido principalmente a mis profesores y mis compa\u00f1eros, como apoyo complementario a los cursos.<br \/>Pero tambi\u00e9n se dirige a un p\u00fablico m\u00e1s amplio: estudiantes de comunicaci\u00f3n, profesores o cualquier persona interesada en los fen\u00f3menos adictivos y en recursos fiables para comprenderlos mejor.<\/p><p>Si el tema te interesa, no dudes en explorar el blog. \u00a1Disfruta tu visita!<\/p>\t\t\t\t\t\t<\/div>\n\t\t\t\t<\/div>\n\t\t\t\t\t<\/div>\n\t\t\t\t<\/div>\n\t\t\t\t<\/div>\n\t\t","protected":false},"excerpt":{"rendered":"<p>\u00c0 propos Quoi ? Ce site est une ressource p\u00e9dagogique consacr\u00e9e au th\u00e8me des addictions. J&rsquo;ai choisi ce sujet car il touche \u00e0 la fois la sant\u00e9, la psychologie et la soci\u00e9t\u00e9, et permet d\u2019aborder la question sous diff\u00e9rents angles. Le site se structure en plusieurs sections compl\u00e9mentaires : une pr\u00e9sentation g\u00e9n\u00e9rale qui d\u00e9finit ce [&hellip;]<\/p>\n","protected":false},"author":1,"featured_media":0,"parent":0,"menu_order":0,"comment_status":"closed","ping_status":"closed","template":"","meta":{"footnotes":""},"class_list":["post-779","page","type-page","status-publish","hentry"],"_links":{"self":[{"href":"https:\/\/www.maellehumbert.fr\/demo\/index.php?rest_route=\/wp\/v2\/pages\/779","targetHints":{"allow":["GET"]}}],"collection":[{"href":"https:\/\/www.maellehumbert.fr\/demo\/index.php?rest_route=\/wp\/v2\/pages"}],"about":[{"href":"https:\/\/www.maellehumbert.fr\/demo\/index.php?rest_route=\/wp\/v2\/types\/page"}],"author":[{"embeddable":true,"href":"https:\/\/www.maellehumbert.fr\/demo\/index.php?rest_route=\/wp\/v2\/users\/1"}],"replies":[{"embeddable":true,"href":"https:\/\/www.maellehumbert.fr\/demo\/index.php?rest_route=%2Fwp%2Fv2%2Fcomments&post=779"}],"version-history":[{"count":37,"href":"https:\/\/www.maellehumbert.fr\/demo\/index.php?rest_route=\/wp\/v2\/pages\/779\/revisions"}],"predecessor-version":[{"id":1232,"href":"https:\/\/www.maellehumbert.fr\/demo\/index.php?rest_route=\/wp\/v2\/pages\/779\/revisions\/1232"}],"wp:attachment":[{"href":"https:\/\/www.maellehumbert.fr\/demo\/index.php?rest_route=%2Fwp%2Fv2%2Fmedia&parent=779"}],"curies":[{"name":"wp","href":"https:\/\/api.w.org\/{rel}","templated":true}]}}